{"id":6212,"date":"2018-08-03T16:18:03","date_gmt":"2018-08-03T14:18:03","guid":{"rendered":"https:\/\/arbuzz.io\/?page_id=6212"},"modified":"2018-08-03T16:18:03","modified_gmt":"2018-08-03T14:18:03","slug":"contact-en","status":"publish","type":"page","link":"https:\/\/arbuzz.io\/en\/contact-en\/","title":{"rendered":"Contact en"},"content":{"rendered":"<style>\n@media (min-width: 590px) {.ar_center { width: 490px; margin: auto; }}<br \/>\n.ar_center img {padding-left: 15px; max-width: 100%; height: auto;}<br \/>\n.m-footer {padding-left:15px;}<br \/>\n<\/style>\n<div class=\"ar_center\">Technical support:<br \/>\n<a href=\"mailto:support@arbuzz.io\">support@arbuzz.io<\/a><br \/>\nCommercial campaign:<br \/>\n<a href=\"mailto:app@arbuzz.io\">app@arbuzz.io<\/a><\/p>\n<p>Entity responsible:<br \/>\nAR+ sp\u00f3\u0142ka z ograniczon\u0105 odpowiedzialno\u015bci\u0105<br \/>\nWroc\u0142awiu, ul. BENEDYKTA POLAKA, nr 21, lok. 4,<br \/>\nkod 50-379, poczta WROC\u0141AW, kraj POLSKA, NIP: 8982237965<\/p><\/div>\n","protected":false},"excerpt":{"rendered":"<p>Technical support: support@arbuzz.io Commercial campaign: app@arbuzz.io Entity responsible: AR+ sp\u00f3\u0142ka z ograniczon\u0105 odpowiedzialno\u015bci\u0105 Wroc\u0142awiu, ul. BENEDYKTA POLAKA, nr 21, lok. 4, kod 50-379, poczta WROC\u0141AW,&#8230;<\/p>\n","protected":false},"author":2,"featured_media":0,"parent":0,"menu_order":0,"comment_status":"closed","ping_status":"closed","template":"","meta":[],"acf":[],"yoast_head":"<!-- This site is optimized with the Yoast SEO plugin v21.8.1 - https:\/\/yoast.com\/wordpress\/plugins\/seo\/ -->\n<title>Contact en - Arbuzz<\/title>\n<meta name=\"robots\" content=\"index, follow, max-snippet:-1, max-image-preview:large, max-video-preview:-1\" \/>\n<link rel=\"canonical\" href=\"https:\/\/arbuzz.io\/en\/contact-en\/\" \/>\n<meta property=\"og:locale\" content=\"en_US\" \/>\n<meta property=\"og:type\" content=\"article\" \/>\n<meta property=\"og:title\" content=\"Contact en - Arbuzz\" \/>\n<meta property=\"og:description\" content=\"Technical support: support@arbuzz.io Commercial campaign: app@arbuzz.io Entity responsible: AR+ sp\u00f3\u0142ka z ograniczon\u0105 odpowiedzialno\u015bci\u0105 Wroc\u0142awiu, ul. BENEDYKTA POLAKA, nr 21, lok. 4, kod 50-379, poczta WROC\u0141AW,...\" \/>\n<meta property=\"og:url\" content=\"https:\/\/arbuzz.io\/en\/contact-en\/\" \/>\n<meta property=\"og:site_name\" content=\"Arbuzz\" \/>\n<meta name=\"twitter:card\" content=\"summary_large_image\" \/>\n<script type=\"application\/ld+json\" class=\"yoast-schema-graph\">{\"@context\":\"https:\/\/schema.org\",\"@graph\":[{\"@type\":\"WebPage\",\"@id\":\"https:\/\/arbuzz.io\/en\/contact-en\/\",\"url\":\"https:\/\/arbuzz.io\/en\/contact-en\/\",\"name\":\"Contact en - Arbuzz\",\"isPartOf\":{\"@id\":\"https:\/\/arbuzz.io\/#website\"},\"datePublished\":\"2018-08-03T14:18:03+00:00\",\"dateModified\":\"2018-08-03T14:18:03+00:00\",\"breadcrumb\":{\"@id\":\"https:\/\/arbuzz.io\/en\/contact-en\/#breadcrumb\"},\"inLanguage\":\"en-US\",\"potentialAction\":[{\"@type\":\"ReadAction\",\"target\":[\"https:\/\/arbuzz.io\/en\/contact-en\/\"]}]},{\"@type\":\"BreadcrumbList\",\"@id\":\"https:\/\/arbuzz.io\/en\/contact-en\/#breadcrumb\",\"itemListElement\":[{\"@type\":\"ListItem\",\"position\":1,\"name\":\"Strona g\u0142\u00f3wna\",\"item\":\"https:\/\/arbuzz.io\/en\/\"},{\"@type\":\"ListItem\",\"position\":2,\"name\":\"Contact en\"}]},{\"@type\":\"WebSite\",\"@id\":\"https:\/\/arbuzz.io\/#website\",\"url\":\"https:\/\/arbuzz.io\/\",\"name\":\"Arbuzz\",\"description\":\"\",\"potentialAction\":[{\"@type\":\"SearchAction\",\"target\":{\"@type\":\"EntryPoint\",\"urlTemplate\":\"https:\/\/arbuzz.io\/?s={search_term_string}\"},\"query-input\":\"required name=search_term_string\"}],\"inLanguage\":\"en-US\"}]}<\/script>\n<!-- \/ Yoast SEO plugin. -->","yoast_head_json":{"title":"Contact en - Arbuzz","robots":{"index":"index","follow":"follow","max-snippet":"max-snippet:-1","max-image-preview":"max-image-preview:large","max-video-preview":"max-video-preview:-1"},"canonical":"https:\/\/arbuzz.io\/en\/contact-en\/","og_locale":"en_US","og_type":"article","og_title":"Contact en - Arbuzz","og_description":"Technical support: support@arbuzz.io Commercial campaign: app@arbuzz.io Entity responsible: AR+ sp\u00f3\u0142ka z ograniczon\u0105 odpowiedzialno\u015bci\u0105 Wroc\u0142awiu, ul. BENEDYKTA POLAKA, nr 21, lok. 4, kod 50-379, poczta WROC\u0141AW,...","og_url":"https:\/\/arbuzz.io\/en\/contact-en\/","og_site_name":"Arbuzz","twitter_card":"summary_large_image","schema":{"@context":"https:\/\/schema.org","@graph":[{"@type":"WebPage","@id":"https:\/\/arbuzz.io\/en\/contact-en\/","url":"https:\/\/arbuzz.io\/en\/contact-en\/","name":"Contact en - Arbuzz","isPartOf":{"@id":"https:\/\/arbuzz.io\/#website"},"datePublished":"2018-08-03T14:18:03+00:00","dateModified":"2018-08-03T14:18:03+00:00","breadcrumb":{"@id":"https:\/\/arbuzz.io\/en\/contact-en\/#breadcrumb"},"inLanguage":"en-US","potentialAction":[{"@type":"ReadAction","target":["https:\/\/arbuzz.io\/en\/contact-en\/"]}]},{"@type":"BreadcrumbList","@id":"https:\/\/arbuzz.io\/en\/contact-en\/#breadcrumb","itemListElement":[{"@type":"ListItem","position":1,"name":"Strona g\u0142\u00f3wna","item":"https:\/\/arbuzz.io\/en\/"},{"@type":"ListItem","position":2,"name":"Contact en"}]},{"@type":"WebSite","@id":"https:\/\/arbuzz.io\/#website","url":"https:\/\/arbuzz.io\/","name":"Arbuzz","description":"","potentialAction":[{"@type":"SearchAction","target":{"@type":"EntryPoint","urlTemplate":"https:\/\/arbuzz.io\/?s={search_term_string}"},"query-input":"required name=search_term_string"}],"inLanguage":"en-US"}]}},"_links":{"self":[{"href":"https:\/\/arbuzz.io\/en\/wp-json\/wp\/v2\/pages\/6212"}],"collection":[{"href":"https:\/\/arbuzz.io\/en\/wp-json\/wp\/v2\/pages"}],"about":[{"href":"https:\/\/arbuzz.io\/en\/wp-json\/wp\/v2\/types\/page"}],"author":[{"embeddable":true,"href":"https:\/\/arbuzz.io\/en\/wp-json\/wp\/v2\/users\/2"}],"replies":[{"embeddable":true,"href":"https:\/\/arbuzz.io\/en\/wp-json\/wp\/v2\/comments?post=6212"}],"version-history":[{"count":3,"href":"https:\/\/arbuzz.io\/en\/wp-json\/wp\/v2\/pages\/6212\/revisions"}],"predecessor-version":[{"id":6215,"href":"https:\/\/arbuzz.io\/en\/wp-json\/wp\/v2\/pages\/6212\/revisions\/6215"}],"wp:attachment":[{"href":"https:\/\/arbuzz.io\/en\/wp-json\/wp\/v2\/media?parent=6212"}],"curies":[{"name":"wp","href":"https:\/\/api.w.org\/{rel}","templated":true}]}}